{"id":3,"date":"2022-12-04T19:41:32","date_gmt":"2022-12-04T19:41:32","guid":{"rendered":"http:\/\/box2103\/cgi\/addon_GT.cgi?s=GT::WP::Install::EIG+%28jwakpvmy%29+-+10.24.48.85+%5BWordpress%3b+\/var\/hp\/common\/lib\/Wordpress.pm%3b+534%3b+Hosting::gap_call%5D\/?page_id=3"},"modified":"2023-09-12T13:32:40","modified_gmt":"2023-09-12T13:32:40","slug":"legal-notices","status":"publish","type":"page","link":"https:\/\/anislandeast.com\/it\/legal-notices\/","title":{"rendered":"Note Legali"},"content":{"rendered":"<h2 class=\"wp-block-heading\">Termini &amp; Condizioni<\/h2>\n\n\n\n<h3 class=\"wp-block-heading\">Chi siamo<\/h3>\n\n\n\n<p>Il Titolare del sito web http:\/\/anislandeast.com\/ \u00e8:<br>An Island East<\/p>\n\n\n\n<p>Nicosia, Cipro<br>Indirizzo email: <em>info@anislandeast.com<\/em><\/p>\n\n\n\n<h3 class=\"wp-block-heading\">Copyright<\/h3>\n\n\n\n<p>L'autore di ogni articolo, pagina e foto sono io, Carla Congiu, salvo diversa indicazione. La propriet\u00e0 intellettuale dei contenuti appartiene agli autori.<br>Fatte salve eventuali disposizioni pi\u00f9 specifiche contenute nei Termini, i diritti di propriet\u00e0 intellettuale e industriale, come i diritti d'autore, i marchi, i brevetti e i disegni relativi a questo Sito web sono detenuti esclusivamente dal Titolare o dai suoi licenziatari e sono protetti dalle leggi e dai trattati internazionali sulla propriet\u00e0 intellettuale applicabili.<br>Tutti i marchi - denominativi o figurativi - e qualsiasi altro segno distintivo, ditta, marchio di servizio, illustrazione, immagine o logo che compaiono in relazione a questo Sito web sono e restano di propriet\u00e0 esclusiva del Titolare o dei suoi licenziatari e sono protetti dalle leggi sulla propriet\u00e0 intellettuale e dai trattati internazionali applicabili.<\/p>\n\n\n\n<h3 class=\"wp-block-heading\">Nessuna rinuncia implicita<\/h3>\n\n\n\n<p>Il mancato esercizio da parte del Titolare di qualsiasi diritto o rivendicazione legale derivante dalle presenti Condizioni non costituisce una rinuncia allo stesso. Nessuna rinuncia sar\u00e0 considerata definitiva in relazione a qualsiasi diritto specifico o a qualsiasi altra rivendicazione.<\/p>\n\n\n\n<h3 class=\"wp-block-heading\">Supporto<\/h3>\n\n\n\n<p>An Island East accetta donazioni per coprire i costi del dominio e dell'hosting del sito web e qualsiasi altro eventuale costo correlato.<br>Accettiamo donazioni tramite \"<a href=\"https:\/\/www.buymeacoffee.com\/carlacongiu\">Buy Me a Coffee<\/a>\". Si pu\u00f2 consultare la loro Politica sulla Privacy <a href=\"https:\/\/www.buymeacoffee.com\/privacy-policy\" target=\"_blank\" rel=\"noreferrer noopener\">qui<\/a>.<\/p>\n\n\n\n<h3 class=\"wp-block-heading\">Aggiornamenti e modifiche <\/h3>\n\n\n\n<p>An Island East si riserva il diritto di modificare, integrare o aggiornare la presente Politica in conformit\u00e0 alla legge applicabile in qualsiasi momento.<br>L'utente \u00e8 invitato a rivedere regolarmente le Note Legali.<\/p>\n\n\n\n<h2 class=\"wp-block-heading\">Politica sulla Privacy<\/h2>\n\n\n\n<h3 class=\"wp-block-heading\">Contatti<\/h3>\n\n\n\n<p>Il titolare del trattamento dei dati \u00e8:<\/p>\n\n\n\n<p>Carla Congiu, Nicosia, Cipro<br>E-mail: <em>info@anislandeast.com<\/em><\/p>\n\n\n\n<h3 class=\"wp-block-heading\">Commenti e form<\/h3>\n\n\n\n<p>Gli utenti non possono lasciare commenti sul sito n\u00e9 compilare moduli, pertanto non vengono raccolti dati. <\/p>\n\n\n\n<h3 class=\"wp-block-heading\">Contenuti incorporati da altri siti web<\/h3>\n\n\n\n<p>Gli articoli di questo sito possono includere contenuti incorporati (ad esempio video, immagini, articoli, ecc.). I contenuti incorporati provenienti da altri siti web si comportano esattamente come se il visitatore avesse visitato l'altro sito web.<\/p>\n\n\n\n<p>Questi siti web possono raccogliere dati sull'utente, utilizzare cookie, incorporare un ulteriore tracciamento di terze parti e monitorare l'interazione dell'utente con il contenuto incorporato, compreso il tracciamento dell'interazione dell'utente con il contenuto incorporato se dispone di un account e ha effettuato l'accesso al sito web in questione.<\/p>\n\n\n\n<h3 class=\"wp-block-heading\">Analitica &amp; Cookies<\/h3>\n\n\n\n<p>Non vengono utilizzati cookie n\u00e9 analytics.<\/p>\n\n\n\n<h3 class=\"wp-block-heading\">Quali diritti hai sui tuoi dati<\/h3>\n\n\n\n<p>Se hai un account su questo sito o hai lasciato dei commenti, puoi richiedere di ricevere un file esportato dei dati personali in nostro possesso, compresi quelli che ci hai fornito. \u00c8 possibile anche richiedere la cancellazione dei dati personali in nostro possesso. Questo non include i dati che siamo obbligati a conservare per scopi amministrativi, legali o di sicurezza.<\/p>\n\n\n\n<h3 class=\"wp-block-heading\">Aggiornamenti e modifiche <\/h3>\n\n\n\n<p>An Island East si riserva il diritto di modificare, integrare o aggiornare la presente Politica in conformit\u00e0 alla legge applicabile in qualsiasi momento.<br>L'utente \u00e8 invitato a rivedere regolarmente le Note Legali.<\/p>","protected":false},"excerpt":{"rendered":"<p>Terms &amp; Conditions Who we are The Owner of the website http:\/\/anislandeast.com\/ is:An Island East Nicosia, CyprusE-mail address: info@anislandeast.com Copyright The author of each article, page and photo is me, Carla Congiu, unless otherwise indicated. The intellectual property of the contents belongs to the authors.Without prejudice to any more specific provision contained in the Terms,&#8230;<\/p>","protected":false},"author":1,"featured_media":0,"parent":0,"menu_order":2,"comment_status":"closed","ping_status":"closed","template":"","meta":{"nf_dc_page":"","content-type":"","om_disable_all_campaigns":true,"cybocfi_hide_featured_image":"","footnotes":""},"class_list":["post-3","page","type-page","status-publish","hentry"],"yoast_head":"<!-- This site is optimized with the Yoast SEO plugin v27.3 - https:\/\/yoast.com\/product\/yoast-seo-wordpress\/ -->\n<title>Legal Notices - An Island East<\/title>\n<meta name=\"description\" content=\"Terms &amp; Conditions and Privacy Policy\" \/>\n<meta name=\"robots\" content=\"noindex, nofollow\" \/>\n<meta property=\"og:locale\" content=\"it_IT\" \/>\n<meta property=\"og:type\" content=\"article\" \/>\n<meta property=\"og:title\" content=\"Legal Notices - An Island East\" \/>\n<meta property=\"og:description\" content=\"Terms &amp; Conditions and Privacy Policy\" \/>\n<meta property=\"og:url\" content=\"https:\/\/anislandeast.com\/it\/legal-notices\/\" \/>\n<meta property=\"og:site_name\" content=\"An Island East\" \/>\n<meta property=\"article:modified_time\" content=\"2023-09-12T13:32:40+00:00\" \/>\n<meta name=\"twitter:card\" content=\"summary_large_image\" \/>\n<meta name=\"twitter:label1\" content=\"Tempo di lettura stimato\" \/>\n\t<meta name=\"twitter:data1\" content=\"3 minuti\" \/>\n<script type=\"application\/ld+json\" class=\"yoast-schema-graph\">{\"@context\":\"https:\\\/\\\/schema.org\",\"@graph\":[{\"@type\":[\"WebPage\",\"FAQPage\"],\"@id\":\"https:\\\/\\\/anislandeast.com\\\/legal-notices\\\/\",\"url\":\"https:\\\/\\\/anislandeast.com\\\/legal-notices\\\/\",\"name\":\"Legal Notices - An Island East\",\"isPartOf\":{\"@id\":\"https:\\\/\\\/anislandeast.com\\\/#website\"},\"datePublished\":\"2022-12-04T19:41:32+00:00\",\"dateModified\":\"2023-09-12T13:32:40+00:00\",\"description\":\"Terms & Conditions and Privacy Policy\",\"breadcrumb\":{\"@id\":\"https:\\\/\\\/anislandeast.com\\\/legal-notices\\\/#breadcrumb\"},\"inLanguage\":\"it-IT\",\"potentialAction\":[{\"@type\":\"ReadAction\",\"target\":[\"https:\\\/\\\/anislandeast.com\\\/legal-notices\\\/\"]}]},{\"@type\":\"BreadcrumbList\",\"@id\":\"https:\\\/\\\/anislandeast.com\\\/legal-notices\\\/#breadcrumb\",\"itemListElement\":[{\"@type\":\"ListItem\",\"position\":1,\"name\":\"Home\",\"item\":\"https:\\\/\\\/anislandeast.com\\\/\"},{\"@type\":\"ListItem\",\"position\":2,\"name\":\"Legal Notices\"}]},{\"@type\":\"WebSite\",\"@id\":\"https:\\\/\\\/anislandeast.com\\\/#website\",\"url\":\"https:\\\/\\\/anislandeast.com\\\/\",\"name\":\"An Island East\",\"description\":\"Life on the island of Cyprus\",\"publisher\":{\"@id\":\"https:\\\/\\\/anislandeast.com\\\/#\\\/schema\\\/person\\\/8af8b295df0b646db4ef6dc7b2497a90\"},\"potentialAction\":[{\"@type\":\"SearchAction\",\"target\":{\"@type\":\"EntryPoint\",\"urlTemplate\":\"https:\\\/\\\/anislandeast.com\\\/?s={search_term_string}\"},\"query-input\":{\"@type\":\"PropertyValueSpecification\",\"valueRequired\":true,\"valueName\":\"search_term_string\"}}],\"inLanguage\":\"it-IT\"},{\"@type\":[\"Person\",\"Organization\"],\"@id\":\"https:\\\/\\\/anislandeast.com\\\/#\\\/schema\\\/person\\\/8af8b295df0b646db4ef6dc7b2497a90\",\"name\":\"Carla C\",\"image\":{\"@type\":\"ImageObject\",\"inLanguage\":\"it-IT\",\"@id\":\"http:\\\/\\\/anislandeast.com\\\/wp-content\\\/uploads\\\/2022\\\/12\\\/image00037-scaled.jpeg\",\"url\":\"http:\\\/\\\/anislandeast.com\\\/wp-content\\\/uploads\\\/2022\\\/12\\\/image00037-scaled.jpeg\",\"contentUrl\":\"http:\\\/\\\/anislandeast.com\\\/wp-content\\\/uploads\\\/2022\\\/12\\\/image00037-scaled.jpeg\",\"width\":2560,\"height\":1920,\"caption\":\"Carla C\"},\"logo\":{\"@id\":\"http:\\\/\\\/anislandeast.com\\\/wp-content\\\/uploads\\\/2022\\\/12\\\/image00037-scaled.jpeg\"}}]}<\/script>\n<!-- \/ Yoast SEO plugin. -->","yoast_head_json":{"title":"Legal Notices - An Island East","description":"Terms & Conditions and Privacy Policy","robots":{"index":"noindex","follow":"nofollow"},"og_locale":"it_IT","og_type":"article","og_title":"Legal Notices - An Island East","og_description":"Terms & Conditions and Privacy Policy","og_url":"https:\/\/anislandeast.com\/it\/legal-notices\/","og_site_name":"An Island East","article_modified_time":"2023-09-12T13:32:40+00:00","twitter_card":"summary_large_image","twitter_misc":{"Tempo di lettura stimato":"3 minuti"},"schema":{"@context":"https:\/\/schema.org","@graph":[{"@type":["WebPage","FAQPage"],"@id":"https:\/\/anislandeast.com\/legal-notices\/","url":"https:\/\/anislandeast.com\/legal-notices\/","name":"Legal Notices - An Island East","isPartOf":{"@id":"https:\/\/anislandeast.com\/#website"},"datePublished":"2022-12-04T19:41:32+00:00","dateModified":"2023-09-12T13:32:40+00:00","description":"Terms & Conditions and Privacy Policy","breadcrumb":{"@id":"https:\/\/anislandeast.com\/legal-notices\/#breadcrumb"},"inLanguage":"it-IT","potentialAction":[{"@type":"ReadAction","target":["https:\/\/anislandeast.com\/legal-notices\/"]}]},{"@type":"BreadcrumbList","@id":"https:\/\/anislandeast.com\/legal-notices\/#breadcrumb","itemListElement":[{"@type":"ListItem","position":1,"name":"Home","item":"https:\/\/anislandeast.com\/"},{"@type":"ListItem","position":2,"name":"Legal Notices"}]},{"@type":"WebSite","@id":"https:\/\/anislandeast.com\/#website","url":"https:\/\/anislandeast.com\/","name":"An Island East","description":"La vita sull'isola di Cipro","publisher":{"@id":"https:\/\/anislandeast.com\/#\/schema\/person\/8af8b295df0b646db4ef6dc7b2497a90"},"potentialAction":[{"@type":"SearchAction","target":{"@type":"EntryPoint","urlTemplate":"https:\/\/anislandeast.com\/?s={search_term_string}"},"query-input":{"@type":"PropertyValueSpecification","valueRequired":true,"valueName":"search_term_string"}}],"inLanguage":"it-IT"},{"@type":["Person","Organization"],"@id":"https:\/\/anislandeast.com\/#\/schema\/person\/8af8b295df0b646db4ef6dc7b2497a90","name":"Carla C","image":{"@type":"ImageObject","inLanguage":"it-IT","@id":"http:\/\/anislandeast.com\/wp-content\/uploads\/2022\/12\/image00037-scaled.jpeg","url":"http:\/\/anislandeast.com\/wp-content\/uploads\/2022\/12\/image00037-scaled.jpeg","contentUrl":"http:\/\/anislandeast.com\/wp-content\/uploads\/2022\/12\/image00037-scaled.jpeg","width":2560,"height":1920,"caption":"Carla C"},"logo":{"@id":"http:\/\/anislandeast.com\/wp-content\/uploads\/2022\/12\/image00037-scaled.jpeg"}}]}},"_links":{"self":[{"href":"https:\/\/anislandeast.com\/it\/wp-json\/wp\/v2\/pages\/3","targetHints":{"allow":["GET"]}}],"collection":[{"href":"https:\/\/anislandeast.com\/it\/wp-json\/wp\/v2\/pages"}],"about":[{"href":"https:\/\/anislandeast.com\/it\/wp-json\/wp\/v2\/types\/page"}],"author":[{"embeddable":true,"href":"https:\/\/anislandeast.com\/it\/wp-json\/wp\/v2\/users\/1"}],"replies":[{"embeddable":true,"href":"https:\/\/anislandeast.com\/it\/wp-json\/wp\/v2\/comments?post=3"}],"version-history":[{"count":5,"href":"https:\/\/anislandeast.com\/it\/wp-json\/wp\/v2\/pages\/3\/revisions"}],"predecessor-version":[{"id":607,"href":"https:\/\/anislandeast.com\/it\/wp-json\/wp\/v2\/pages\/3\/revisions\/607"}],"wp:attachment":[{"href":"https:\/\/anislandeast.com\/it\/wp-json\/wp\/v2\/media?parent=3"}],"curies":[{"name":"wp","href":"https:\/\/api.w.org\/{rel}","templated":true}]}}