{"id":543,"date":"2023-07-12T18:05:36","date_gmt":"2023-07-12T18:05:36","guid":{"rendered":"http:\/\/anislandeast.com\/?page_id=543"},"modified":"2024-07-01T20:04:14","modified_gmt":"2024-07-01T20:04:14","slug":"nicosia","status":"publish","type":"page","link":"https:\/\/anislandeast.com\/it\/nicosia\/","title":{"rendered":"Nicosia"},"content":{"rendered":"<div  class=\"ultp-post-grid-block wp-block-ultimate-post-post-list-2 ultp-block-df4146\"><div class=\"ultp-block-wrapper\"><div class=\"ultp-loading\"><div class=\"ultp-loading-blocks\" style=\"width:100%;height:100%;\"><div style=\"left: 0;top: 0;animation-delay:0s;\"><\/div><div style=\"left: 21px;top: 0;animation-delay:0.125s;\"><\/div><div style=\"left: 42px;top: 0;animation-delay:0.25s;\"><\/div><div style=\"left: 0;top: 21px;animation-delay:0.875s;\"><\/div><div style=\"left: 42px;top: 21px;animation-delay:0.375s;\"><\/div><div style=\"left: 0;top: 42px;animation-delay:0.75s;\"><\/div><div style=\"left: 42px;top: 42px;animation-delay:0.625s;\"><\/div><div style=\"left: 21px;top: 42px;animation-delay:0.5s;\"><\/div><\/div><\/div><div class=\"ultp-heading-filter\"><div class=\"ultp-heading-filter-in\"><div class=\"ultp-heading-wrap ultp-heading-style1 ultp-heading-left\"><h2 class=\"ultp-heading-inner\"><span>As capital and for its geographical position, Nicosia is the heart of Cyprus.<\/span><\/h2><\/div><div class=\"ultp-filter-navigation\"><\/div><\/div><\/div><div class=\"ultp-block-items-wrap ultp-block-content-middle ultp-layout1\"><div class=\"ultp-block-item ultp-block-media post-id-729\"><div class=\"ultp-block-content-wrap ultp-first-postlist-2\"><div class=\"ultp-block-image ultp-block-image-opacity\"><a href=\"https:\/\/anislandeast.com\/it\/bandabuliya-municipal-market\/\" ><img decoding=\"async\"  alt=\"View of the entrance of the Bandabuliya Municipal Market\"  src=\"https:\/\/anislandeast.com\/wp-content\/uploads\/2024\/07\/Bandabuliya-Nicosia.jpg\" \/><\/a><\/div><div class=\"ultp-block-content\"><div class=\"ultp-category-grid ultp-category-classic ultp-category-aboveTitle\"><div class=\"ultp-category-in\"><a class=\"ultp-cat-nicosia\" href=\"https:\/\/anislandeast.com\/it\/category\/nicosia\/\"  >Nicosia<\/a><\/div><\/div><h3 class=\"ultp-block-title\"><a href=\"https:\/\/anislandeast.com\/it\/bandabuliya-municipal-market\/\" >Il Mercato Comunale di Bandabuliya<\/a><\/h3><div class=\"ultp-block-meta ultp-block-meta-dot ultp-block-meta-icon\"><span class=\"ultp-block-author ultp-block-meta-element\"><svg xmlns=\"http:\/\/www.w3.org\/2000\/svg\" fill=\"none\" viewbox=\"0 0 24 24\">\n  <circle cx=\"12\" cy=\"7\" r=\"4\" stroke=\"currentColor\" stroke-linejoin=\"round\" stroke-width=\"1.5\"\/>\n  <path stroke=\"currentColor\" stroke-linecap=\"round\" stroke-linejoin=\"round\" stroke-width=\"1.5\" d=\"M4 21v-3a4 4 0 0 1 4-4h8a4 4 0 0 1 4 4v3\"\/>\n<\/svg>\n<a class=\"\" href=\"https:\/\/anislandeast.com\/it\/author\/carlacnjj\/\">Carla C<\/a><\/span><span class=\"ultp-block-date ultp-block-meta-element\"><svg xmlns=\"http:\/\/www.w3.org\/2000\/svg\" fill=\"none\" viewbox=\"0 0 24 24\">\n  <path stroke=\"currentColor\" stroke-linecap=\"round\" stroke-linejoin=\"round\" stroke-width=\"1.5\" d=\"M3 5.5a2 2 0 0 1 2-2h14a2 2 0 0 1 2 2v14a2 2 0 0 1-2 2H5a2 2 0 0 1-2-2v-14ZM8 2v3m8-3v3M3 9h18\"\/>\n<\/svg>\nAgo 12, 2024<\/span><span class=\"ultp-post-read ultp-block-meta-element\"><svg xmlns=\"http:\/\/www.w3.org\/2000\/svg\" fill=\"none\" viewbox=\"0 0 24 24\">\n  <path stroke=\"currentColor\" stroke-linecap=\"round\" stroke-linejoin=\"round\" stroke-width=\"1.5\" d=\"M4 5v14a3 3 0 0 0 3 3h13V8H7a3 3 0 0 1-3-3Zm0 0a3 3 0 0 1 3-3h13M7 5h10\"\/>\n  <path stroke=\"currentColor\" stroke-linecap=\"round\" stroke-linejoin=\"round\" stroke-width=\"1.5\" d=\"M9.5 18.5v-3.092a3 3 0 0 1 .504-1.664l1.219-1.828a.934.934 0 0 1 1.554 0l1.22 1.828a3 3 0 0 1 .503 1.664V18.5m-5-2.5h5\"\/>\n<\/svg>\n2 min read<\/span><\/div><div class=\"ultp-block-excerpt\"><p>In your tour of the old city of Nicosia, you cannot miss the old covered market, known as Bandabuliya.&nbsp;This market offers visitors a unique journey through time and culture, as it include elements from several historical periods. The market&#8217;s history The market&#8217;s history dates back to Ottoman times, when the area next to the Selimiye&#8230;<\/p>\n<\/div><div class=\"ultp-block-readmore\"><a aria-label=\"Il Mercato Comunale di Bandabuliya\" href=\"https:\/\/anislandeast.com\/it\/bandabuliya-municipal-market\/\" >Leggi di pi\u00f9<\/a><\/div><\/div><\/div><\/div><div class=\"ultp-block-item ultp-block-media post-id-527\"><div class=\"ultp-block-content-wrap ultp-all-postlist-2\"><div class=\"ultp-block-image ultp-block-image-opacity\"><a href=\"https:\/\/anislandeast.com\/it\/the-sounds-of-the-old-city\/\" ><img decoding=\"async\"  alt=\"The sounds of the old city\"  src=\"https:\/\/anislandeast.com\/wp-content\/uploads\/2023\/07\/Old-city-Nicosia-scaled.jpg\" \/><\/a><\/div><div class=\"ultp-block-content\"><div class=\"ultp-category-grid ultp-category-classic ultp-category-aboveTitle\"><div class=\"ultp-category-in\"><a class=\"ultp-cat-nicosia\" href=\"https:\/\/anislandeast.com\/it\/category\/nicosia\/\"  >Nicosia<\/a><\/div><\/div><h3 class=\"ultp-block-title\"><a href=\"https:\/\/anislandeast.com\/it\/the-sounds-of-the-old-city\/\" >I suoni della citt\u00e0 vecchia<\/a><\/h3><div class=\"ultp-block-meta ultp-block-meta-dot ultp-block-meta-icon\"><span class=\"ultp-block-author ultp-block-meta-element\"><svg xmlns=\"http:\/\/www.w3.org\/2000\/svg\" fill=\"none\" viewbox=\"0 0 24 24\">\n  <circle cx=\"12\" cy=\"7\" r=\"4\" stroke=\"currentColor\" stroke-linejoin=\"round\" stroke-width=\"1.5\"\/>\n  <path stroke=\"currentColor\" stroke-linecap=\"round\" stroke-linejoin=\"round\" stroke-width=\"1.5\" d=\"M4 21v-3a4 4 0 0 1 4-4h8a4 4 0 0 1 4 4v3\"\/>\n<\/svg>\n<a class=\"\" href=\"https:\/\/anislandeast.com\/it\/author\/carlacnjj\/\">Carla C<\/a><\/span><span class=\"ultp-block-date ultp-block-meta-element\"><svg xmlns=\"http:\/\/www.w3.org\/2000\/svg\" fill=\"none\" viewbox=\"0 0 24 24\">\n  <path stroke=\"currentColor\" stroke-linecap=\"round\" stroke-linejoin=\"round\" stroke-width=\"1.5\" d=\"M3 5.5a2 2 0 0 1 2-2h14a2 2 0 0 1 2 2v14a2 2 0 0 1-2 2H5a2 2 0 0 1-2-2v-14ZM8 2v3m8-3v3M3 9h18\"\/>\n<\/svg>\nLug 3, 2023<\/span><span class=\"ultp-post-read ultp-block-meta-element\"><svg xmlns=\"http:\/\/www.w3.org\/2000\/svg\" fill=\"none\" viewbox=\"0 0 24 24\">\n  <path stroke=\"currentColor\" stroke-linecap=\"round\" stroke-linejoin=\"round\" stroke-width=\"1.5\" d=\"M4 5v14a3 3 0 0 0 3 3h13V8H7a3 3 0 0 1-3-3Zm0 0a3 3 0 0 1 3-3h13M7 5h10\"\/>\n  <path stroke=\"currentColor\" stroke-linecap=\"round\" stroke-linejoin=\"round\" stroke-width=\"1.5\" d=\"M9.5 18.5v-3.092a3 3 0 0 1 .504-1.664l1.219-1.828a.934.934 0 0 1 1.554 0l1.22 1.828a3 3 0 0 1 .503 1.664V18.5m-5-2.5h5\"\/>\n<\/svg>\n3 min read<\/span><\/div><div class=\"ultp-block-excerpt\"><p>It is around 5 am in Nicosia and from my room I hear the Azan. It is only the first of many sounds of my multicultural neighborhood.<\/p>\n<\/div><div class=\"ultp-block-readmore\"><a aria-label=\"I suoni della citt\u00e0 vecchia\" href=\"https:\/\/anislandeast.com\/it\/the-sounds-of-the-old-city\/\" >Leggi di pi\u00f9<\/a><\/div><\/div><\/div><\/div><div class=\"ultp-block-item ultp-block-media post-id-461\"><div class=\"ultp-block-content-wrap ultp-all-postlist-2\"><div class=\"ultp-block-image ultp-block-image-opacity\"><a href=\"https:\/\/anislandeast.com\/it\/the-long-street\/\" ><img decoding=\"async\"  alt=\"The Long Street\"  src=\"https:\/\/anislandeast.com\/wp-content\/uploads\/2023\/04\/The-Long-Street-scaled.jpg\" \/><\/a><\/div><div class=\"ultp-block-content\"><div class=\"ultp-category-grid ultp-category-classic ultp-category-aboveTitle\"><div class=\"ultp-category-in\"><a class=\"ultp-cat-nicosia\" href=\"https:\/\/anislandeast.com\/it\/category\/nicosia\/\"  >Nicosia<\/a><\/div><\/div><h3 class=\"ultp-block-title\"><a href=\"https:\/\/anislandeast.com\/it\/the-long-street\/\" >La Lunga Strada<\/a><\/h3><div class=\"ultp-block-meta ultp-block-meta-dot ultp-block-meta-icon\"><span class=\"ultp-block-author ultp-block-meta-element\"><svg xmlns=\"http:\/\/www.w3.org\/2000\/svg\" fill=\"none\" viewbox=\"0 0 24 24\">\n  <circle cx=\"12\" cy=\"7\" r=\"4\" stroke=\"currentColor\" stroke-linejoin=\"round\" stroke-width=\"1.5\"\/>\n  <path stroke=\"currentColor\" stroke-linecap=\"round\" stroke-linejoin=\"round\" stroke-width=\"1.5\" d=\"M4 21v-3a4 4 0 0 1 4-4h8a4 4 0 0 1 4 4v3\"\/>\n<\/svg>\n<a class=\"\" href=\"https:\/\/anislandeast.com\/it\/author\/carlacnjj\/\">Carla C<\/a><\/span><span class=\"ultp-block-date ultp-block-meta-element\"><svg xmlns=\"http:\/\/www.w3.org\/2000\/svg\" fill=\"none\" viewbox=\"0 0 24 24\">\n  <path stroke=\"currentColor\" stroke-linecap=\"round\" stroke-linejoin=\"round\" stroke-width=\"1.5\" d=\"M3 5.5a2 2 0 0 1 2-2h14a2 2 0 0 1 2 2v14a2 2 0 0 1-2 2H5a2 2 0 0 1-2-2v-14ZM8 2v3m8-3v3M3 9h18\"\/>\n<\/svg>\nApr 23, 2023<\/span><span class=\"ultp-post-read ultp-block-meta-element\"><svg xmlns=\"http:\/\/www.w3.org\/2000\/svg\" fill=\"none\" viewbox=\"0 0 24 24\">\n  <path stroke=\"currentColor\" stroke-linecap=\"round\" stroke-linejoin=\"round\" stroke-width=\"1.5\" d=\"M4 5v14a3 3 0 0 0 3 3h13V8H7a3 3 0 0 1-3-3Zm0 0a3 3 0 0 1 3-3h13M7 5h10\"\/>\n  <path stroke=\"currentColor\" stroke-linecap=\"round\" stroke-linejoin=\"round\" stroke-width=\"1.5\" d=\"M9.5 18.5v-3.092a3 3 0 0 1 .504-1.664l1.219-1.828a.934.934 0 0 1 1.554 0l1.22 1.828a3 3 0 0 1 .503 1.664V18.5m-5-2.5h5\"\/>\n<\/svg>\n3 min read<\/span><\/div><div class=\"ultp-block-excerpt\"><p>La lunga strada \u00e8 il cuore diviso di Nicosia. Un tempo un'unica strada, ora si trova in due territori, divisi da un posto di blocco.<\/p>\n<\/div><div class=\"ultp-block-readmore\"><a aria-label=\"La Lunga Strada\" href=\"https:\/\/anislandeast.com\/it\/the-long-street\/\" >Leggi di pi\u00f9<\/a><\/div><\/div><\/div><\/div><div class=\"ultp-block-item ultp-block-media post-id-444\"><div class=\"ultp-block-content-wrap ultp-all-postlist-2\"><div class=\"ultp-block-image ultp-block-image-opacity\"><a href=\"https:\/\/anislandeast.com\/it\/oxi-market\/\" ><img decoding=\"async\"  alt=\"Oxi Market\"  src=\"https:\/\/anislandeast.com\/wp-content\/uploads\/2023\/03\/Oxi-market-2-scaled.jpg\" \/><\/a><\/div><div class=\"ultp-block-content\"><div class=\"ultp-category-grid ultp-category-classic ultp-category-aboveTitle\"><div class=\"ultp-category-in\"><a class=\"ultp-cat-nicosia\" href=\"https:\/\/anislandeast.com\/it\/category\/nicosia\/\"  >Nicosia<\/a><\/div><\/div><h3 class=\"ultp-block-title\"><a href=\"https:\/\/anislandeast.com\/it\/oxi-market\/\" >Oxi Market<\/a><\/h3><div class=\"ultp-block-meta ultp-block-meta-dot ultp-block-meta-icon\"><span class=\"ultp-block-author ultp-block-meta-element\"><svg xmlns=\"http:\/\/www.w3.org\/2000\/svg\" fill=\"none\" viewbox=\"0 0 24 24\">\n  <circle cx=\"12\" cy=\"7\" r=\"4\" stroke=\"currentColor\" stroke-linejoin=\"round\" stroke-width=\"1.5\"\/>\n  <path stroke=\"currentColor\" stroke-linecap=\"round\" stroke-linejoin=\"round\" stroke-width=\"1.5\" d=\"M4 21v-3a4 4 0 0 1 4-4h8a4 4 0 0 1 4 4v3\"\/>\n<\/svg>\n<a class=\"\" href=\"https:\/\/anislandeast.com\/it\/author\/carlacnjj\/\">Carla C<\/a><\/span><span class=\"ultp-block-date ultp-block-meta-element\"><svg xmlns=\"http:\/\/www.w3.org\/2000\/svg\" fill=\"none\" viewbox=\"0 0 24 24\">\n  <path stroke=\"currentColor\" stroke-linecap=\"round\" stroke-linejoin=\"round\" stroke-width=\"1.5\" d=\"M3 5.5a2 2 0 0 1 2-2h14a2 2 0 0 1 2 2v14a2 2 0 0 1-2 2H5a2 2 0 0 1-2-2v-14ZM8 2v3m8-3v3M3 9h18\"\/>\n<\/svg>\nMar 20, 2023<\/span><span class=\"ultp-post-read ultp-block-meta-element\"><svg xmlns=\"http:\/\/www.w3.org\/2000\/svg\" fill=\"none\" viewbox=\"0 0 24 24\">\n  <path stroke=\"currentColor\" stroke-linecap=\"round\" stroke-linejoin=\"round\" stroke-width=\"1.5\" d=\"M4 5v14a3 3 0 0 0 3 3h13V8H7a3 3 0 0 1-3-3Zm0 0a3 3 0 0 1 3-3h13M7 5h10\"\/>\n  <path stroke=\"currentColor\" stroke-linecap=\"round\" stroke-linejoin=\"round\" stroke-width=\"1.5\" d=\"M9.5 18.5v-3.092a3 3 0 0 1 .504-1.664l1.219-1.828a.934.934 0 0 1 1.554 0l1.22 1.828a3 3 0 0 1 .503 1.664V18.5m-5-2.5h5\"\/>\n<\/svg>\n2 min read<\/span><\/div><div class=\"ultp-block-excerpt\"><p>Oxi market \u00e8 il mercato agricolo settimanale di Nicosia. Se vuoi vedere e gustare i sapori e i colori di Cipro, non puoi rinunciare a una visita!<\/p>\n<\/div><div class=\"ultp-block-readmore\"><a aria-label=\"Oxi Market\" href=\"https:\/\/anislandeast.com\/it\/oxi-market\/\" >Leggi di pi\u00f9<\/a><\/div><\/div><\/div><\/div><div class=\"ultp-block-item ultp-block-media post-id-320\"><div class=\"ultp-block-content-wrap ultp-all-postlist-2\"><div class=\"ultp-block-image ultp-block-image-opacity\"><a href=\"https:\/\/anislandeast.com\/it\/buyuk-han\/\" ><img decoding=\"async\"  alt=\"B\u00fcy\u00fck Han\"  src=\"https:\/\/anislandeast.com\/wp-content\/uploads\/2023\/03\/Buyuk-Han-Entrance1-scaled.jpg\" \/><\/a><\/div><div class=\"ultp-block-content\"><div class=\"ultp-category-grid ultp-category-classic ultp-category-aboveTitle\"><div class=\"ultp-category-in\"><a class=\"ultp-cat-nicosia\" href=\"https:\/\/anislandeast.com\/it\/category\/nicosia\/\"  >Nicosia<\/a><\/div><\/div><h3 class=\"ultp-block-title\"><a href=\"https:\/\/anislandeast.com\/it\/buyuk-han\/\" >B\u00fcy\u00fck Han<\/a><\/h3><div class=\"ultp-block-meta ultp-block-meta-dot ultp-block-meta-icon\"><span class=\"ultp-block-author ultp-block-meta-element\"><svg xmlns=\"http:\/\/www.w3.org\/2000\/svg\" fill=\"none\" viewbox=\"0 0 24 24\">\n  <circle cx=\"12\" cy=\"7\" r=\"4\" stroke=\"currentColor\" stroke-linejoin=\"round\" stroke-width=\"1.5\"\/>\n  <path stroke=\"currentColor\" stroke-linecap=\"round\" stroke-linejoin=\"round\" stroke-width=\"1.5\" d=\"M4 21v-3a4 4 0 0 1 4-4h8a4 4 0 0 1 4 4v3\"\/>\n<\/svg>\n<a class=\"\" href=\"https:\/\/anislandeast.com\/it\/author\/carlacnjj\/\">Carla C<\/a><\/span><span class=\"ultp-block-date ultp-block-meta-element\"><svg xmlns=\"http:\/\/www.w3.org\/2000\/svg\" fill=\"none\" viewbox=\"0 0 24 24\">\n  <path stroke=\"currentColor\" stroke-linecap=\"round\" stroke-linejoin=\"round\" stroke-width=\"1.5\" d=\"M3 5.5a2 2 0 0 1 2-2h14a2 2 0 0 1 2 2v14a2 2 0 0 1-2 2H5a2 2 0 0 1-2-2v-14ZM8 2v3m8-3v3M3 9h18\"\/>\n<\/svg>\nMar 4, 2023<\/span><span class=\"ultp-post-read ultp-block-meta-element\"><svg xmlns=\"http:\/\/www.w3.org\/2000\/svg\" fill=\"none\" viewbox=\"0 0 24 24\">\n  <path stroke=\"currentColor\" stroke-linecap=\"round\" stroke-linejoin=\"round\" stroke-width=\"1.5\" d=\"M4 5v14a3 3 0 0 0 3 3h13V8H7a3 3 0 0 1-3-3Zm0 0a3 3 0 0 1 3-3h13M7 5h10\"\/>\n  <path stroke=\"currentColor\" stroke-linecap=\"round\" stroke-linejoin=\"round\" stroke-width=\"1.5\" d=\"M9.5 18.5v-3.092a3 3 0 0 1 .504-1.664l1.219-1.828a.934.934 0 0 1 1.554 0l1.22 1.828a3 3 0 0 1 .503 1.664V18.5m-5-2.5h5\"\/>\n<\/svg>\n3 min read<\/span><\/div><div class=\"ultp-block-excerpt\"><p>Il B\u00fcy\u00fck Han \u00e8 la pi\u00f9 grande locanda di Nicosia. Un tempo ostello per viaggiatori e mercanti, oggi ospita boutique d'arte, negozi, un ristorante e un bar.<\/p>\n<\/div><div class=\"ultp-block-readmore\"><a aria-label=\"B\u00fcy\u00fck Han\" href=\"https:\/\/anislandeast.com\/it\/buyuk-han\/\" >Leggi di pi\u00f9<\/a><\/div><\/div><\/div><\/div><\/div><div class=\"ultp-pagination-wrap ultp-pagination-ajax-action\" data-paged=\"1\" data-expost=\"\"  data-blockid=\"df4146\" data-postid=\"543\" data-pages=\"2\" data-blockname=\"ultimate-post_post-list-2\" data-selfpostid=\"yes\"><ul class=\"ultp-pagination\"><li class=\"ultp-prev-page-numbers\" style=\"display:none\"><a href=\"https:\/\/anislandeast.com\/it\/wp-json\/wp\/v2\/pages\/543\/\"><svg xmlns=\"http:\/\/www.w3.org\/2000\/svg\" fill=\"none\" viewbox=\"0 0 24 24\">\n  <path stroke=\"currentColor\" stroke-linecap=\"round\" stroke-linejoin=\"round\" stroke-width=\"1.5\" d=\"m15 18-6-6 6-6\"\/>\n<\/svg>\n Previous<\/a><\/li><li class=\"ultp-center-item pagination-active\" data-current=\"1\"><a href=\"https:\/\/anislandeast.com\/it\/wp-json\/wp\/v2\/pages\/543\/\">1<\/a><\/li><li class=\"ultp-center-item\" data-current=\"2\" ><a href=\"https:\/\/anislandeast.com\/it\/wp-json\/wp\/v2\/pages\/543\/page\/2\/\">2<\/a><\/li><li class=\"ultp-last-dot\" style=\"display:none\"><a href=\"#\">&#8230;<\/a><\/li><li class=\"ultp-next-page-numbers\"><a href=\"https:\/\/anislandeast.com\/it\/wp-json\/wp\/v2\/pages\/543\/page\/2\/\">Next<svg xmlns=\"http:\/\/www.w3.org\/2000\/svg\" fill=\"none\" viewbox=\"0 0 24 24\">\n  <path stroke=\"currentColor\" stroke-linecap=\"round\" stroke-linejoin=\"round\" stroke-width=\"1.5\" d=\"m9 18 6-6-6-6\"\/>\n<\/svg>\n<\/a><\/li><\/ul><\/div><\/div><div class=\"pagination-block-html\" aria-hidden=\"true\" style=\"display: none;\"><\/div><\/div>","protected":false},"excerpt":{"rendered":"","protected":false},"author":1,"featured_media":0,"parent":0,"menu_order":0,"comment_status":"closed","ping_status":"closed","template":"","meta":{"nf_dc_page":"","content-type":"","om_disable_all_campaigns":false,"cybocfi_hide_featured_image":"","footnotes":""},"class_list":["post-543","page","type-page","status-publish","hentry"],"yoast_head":"<!-- This site is optimized with the Yoast SEO plugin v27.3 - https:\/\/yoast.com\/product\/yoast-seo-wordpress\/ -->\n<title>Nicosia - An Island East<\/title>\n<meta name=\"robots\" content=\"index, follow, max-snippet:-1, max-image-preview:large, max-video-preview:-1\" \/>\n<link rel=\"canonical\" href=\"https:\/\/anislandeast.com\/it\/nicosia\/\" \/>\n<meta property=\"og:locale\" content=\"it_IT\" \/>\n<meta property=\"og:type\" content=\"article\" \/>\n<meta property=\"og:title\" content=\"Nicosia - An Island East\" \/>\n<meta property=\"og:url\" content=\"https:\/\/anislandeast.com\/it\/nicosia\/\" \/>\n<meta property=\"og:site_name\" content=\"An Island East\" \/>\n<meta property=\"article:modified_time\" content=\"2024-07-01T20:04:14+00:00\" \/>\n<meta name=\"twitter:card\" content=\"summary_large_image\" \/>\n<script type=\"application\/ld+json\" class=\"yoast-schema-graph\">{\"@context\":\"https:\\\/\\\/schema.org\",\"@graph\":[{\"@type\":\"WebPage\",\"@id\":\"https:\\\/\\\/anislandeast.com\\\/nicosia\\\/\",\"url\":\"https:\\\/\\\/anislandeast.com\\\/nicosia\\\/\",\"name\":\"Nicosia - An Island East\",\"isPartOf\":{\"@id\":\"https:\\\/\\\/anislandeast.com\\\/#website\"},\"datePublished\":\"2023-07-12T18:05:36+00:00\",\"dateModified\":\"2024-07-01T20:04:14+00:00\",\"breadcrumb\":{\"@id\":\"https:\\\/\\\/anislandeast.com\\\/nicosia\\\/#breadcrumb\"},\"inLanguage\":\"it-IT\",\"potentialAction\":[{\"@type\":\"ReadAction\",\"target\":[\"https:\\\/\\\/anislandeast.com\\\/nicosia\\\/\"]}]},{\"@type\":\"BreadcrumbList\",\"@id\":\"https:\\\/\\\/anislandeast.com\\\/nicosia\\\/#breadcrumb\",\"itemListElement\":[{\"@type\":\"ListItem\",\"position\":1,\"name\":\"Home\",\"item\":\"https:\\\/\\\/anislandeast.com\\\/\"},{\"@type\":\"ListItem\",\"position\":2,\"name\":\"Nicosia\"}]},{\"@type\":\"WebSite\",\"@id\":\"https:\\\/\\\/anislandeast.com\\\/#website\",\"url\":\"https:\\\/\\\/anislandeast.com\\\/\",\"name\":\"An Island East\",\"description\":\"Life on the island of Cyprus\",\"publisher\":{\"@id\":\"https:\\\/\\\/anislandeast.com\\\/#\\\/schema\\\/person\\\/8af8b295df0b646db4ef6dc7b2497a90\"},\"potentialAction\":[{\"@type\":\"SearchAction\",\"target\":{\"@type\":\"EntryPoint\",\"urlTemplate\":\"https:\\\/\\\/anislandeast.com\\\/?s={search_term_string}\"},\"query-input\":{\"@type\":\"PropertyValueSpecification\",\"valueRequired\":true,\"valueName\":\"search_term_string\"}}],\"inLanguage\":\"it-IT\"},{\"@type\":[\"Person\",\"Organization\"],\"@id\":\"https:\\\/\\\/anislandeast.com\\\/#\\\/schema\\\/person\\\/8af8b295df0b646db4ef6dc7b2497a90\",\"name\":\"Carla C\",\"image\":{\"@type\":\"ImageObject\",\"inLanguage\":\"it-IT\",\"@id\":\"http:\\\/\\\/anislandeast.com\\\/wp-content\\\/uploads\\\/2022\\\/12\\\/image00037-scaled.jpeg\",\"url\":\"http:\\\/\\\/anislandeast.com\\\/wp-content\\\/uploads\\\/2022\\\/12\\\/image00037-scaled.jpeg\",\"contentUrl\":\"http:\\\/\\\/anislandeast.com\\\/wp-content\\\/uploads\\\/2022\\\/12\\\/image00037-scaled.jpeg\",\"width\":2560,\"height\":1920,\"caption\":\"Carla C\"},\"logo\":{\"@id\":\"http:\\\/\\\/anislandeast.com\\\/wp-content\\\/uploads\\\/2022\\\/12\\\/image00037-scaled.jpeg\"}}]}<\/script>\n<!-- \/ Yoast SEO plugin. -->","yoast_head_json":{"title":"Nicosia - An Island East","robots":{"index":"index","follow":"follow","max-snippet":"max-snippet:-1","max-image-preview":"max-image-preview:large","max-video-preview":"max-video-preview:-1"},"canonical":"https:\/\/anislandeast.com\/it\/nicosia\/","og_locale":"it_IT","og_type":"article","og_title":"Nicosia - An Island East","og_url":"https:\/\/anislandeast.com\/it\/nicosia\/","og_site_name":"An Island East","article_modified_time":"2024-07-01T20:04:14+00:00","twitter_card":"summary_large_image","schema":{"@context":"https:\/\/schema.org","@graph":[{"@type":"WebPage","@id":"https:\/\/anislandeast.com\/nicosia\/","url":"https:\/\/anislandeast.com\/nicosia\/","name":"Nicosia - An Island East","isPartOf":{"@id":"https:\/\/anislandeast.com\/#website"},"datePublished":"2023-07-12T18:05:36+00:00","dateModified":"2024-07-01T20:04:14+00:00","breadcrumb":{"@id":"https:\/\/anislandeast.com\/nicosia\/#breadcrumb"},"inLanguage":"it-IT","potentialAction":[{"@type":"ReadAction","target":["https:\/\/anislandeast.com\/nicosia\/"]}]},{"@type":"BreadcrumbList","@id":"https:\/\/anislandeast.com\/nicosia\/#breadcrumb","itemListElement":[{"@type":"ListItem","position":1,"name":"Home","item":"https:\/\/anislandeast.com\/"},{"@type":"ListItem","position":2,"name":"Nicosia"}]},{"@type":"WebSite","@id":"https:\/\/anislandeast.com\/#website","url":"https:\/\/anislandeast.com\/","name":"An Island East","description":"La vita sull'isola di Cipro","publisher":{"@id":"https:\/\/anislandeast.com\/#\/schema\/person\/8af8b295df0b646db4ef6dc7b2497a90"},"potentialAction":[{"@type":"SearchAction","target":{"@type":"EntryPoint","urlTemplate":"https:\/\/anislandeast.com\/?s={search_term_string}"},"query-input":{"@type":"PropertyValueSpecification","valueRequired":true,"valueName":"search_term_string"}}],"inLanguage":"it-IT"},{"@type":["Person","Organization"],"@id":"https:\/\/anislandeast.com\/#\/schema\/person\/8af8b295df0b646db4ef6dc7b2497a90","name":"Carla C","image":{"@type":"ImageObject","inLanguage":"it-IT","@id":"http:\/\/anislandeast.com\/wp-content\/uploads\/2022\/12\/image00037-scaled.jpeg","url":"http:\/\/anislandeast.com\/wp-content\/uploads\/2022\/12\/image00037-scaled.jpeg","contentUrl":"http:\/\/anislandeast.com\/wp-content\/uploads\/2022\/12\/image00037-scaled.jpeg","width":2560,"height":1920,"caption":"Carla C"},"logo":{"@id":"http:\/\/anislandeast.com\/wp-content\/uploads\/2022\/12\/image00037-scaled.jpeg"}}]}},"_links":{"self":[{"href":"https:\/\/anislandeast.com\/it\/wp-json\/wp\/v2\/pages\/543","targetHints":{"allow":["GET"]}}],"collection":[{"href":"https:\/\/anislandeast.com\/it\/wp-json\/wp\/v2\/pages"}],"about":[{"href":"https:\/\/anislandeast.com\/it\/wp-json\/wp\/v2\/types\/page"}],"author":[{"embeddable":true,"href":"https:\/\/anislandeast.com\/it\/wp-json\/wp\/v2\/users\/1"}],"replies":[{"embeddable":true,"href":"https:\/\/anislandeast.com\/it\/wp-json\/wp\/v2\/comments?post=543"}],"version-history":[{"count":3,"href":"https:\/\/anislandeast.com\/it\/wp-json\/wp\/v2\/pages\/543\/revisions"}],"predecessor-version":[{"id":696,"href":"https:\/\/anislandeast.com\/it\/wp-json\/wp\/v2\/pages\/543\/revisions\/696"}],"wp:attachment":[{"href":"https:\/\/anislandeast.com\/it\/wp-json\/wp\/v2\/media?parent=543"}],"curies":[{"name":"wp","href":"https:\/\/api.w.org\/{rel}","templated":true}]}}